{"id":1099,"date":"2018-09-13T18:13:22","date_gmt":"2018-09-13T21:13:22","guid":{"rendered":"https:\/\/interchapglobal.org\/br\/?page_id=1099"},"modified":"2025-10-15T00:59:49","modified_gmt":"2025-10-15T03:59:49","slug":"interchap-global","status":"publish","type":"page","link":"https:\/\/interchapglobal.org\/br\/interchap-global\/","title":{"rendered":"Interchap Global"},"content":{"rendered":"\r\n\r\n\r\n<h3 class=\"wp-block-heading\">INTERNATIONAL CHAPLAINS ASSOCIATION<\/h3>\r\n\r\n\r\n\r\n\r\n\r\n<p>Na busca de alcan\u00e7ar o cumprimento de seus tr\u00eas objetivos b\u00e1sicos, UNI\u00c3O &#8211; CAPACITA\u00c7\u00c3O &#8211; A\u00c7\u00c3O, estamos trazendo agora a possibilidade de voc\u00ea realizar o j\u00e1 consagrado curso de Capelania Internacional ONLINE direto de sua casa!<br \/>Em algumas poucas semanas, voc\u00ea tamb\u00e9m poder\u00e1 ser um dos mais de 2500 capel\u00e3es da Interchap Global ao redor do mundo.<br \/>Al\u00e9m disto, voc\u00ea estar\u00e1 se preparando para melhor servir sua igreja, comunidade ou ao seu pr\u00f3ximo<\/p>\r\n\r\n\r\n\r\n<h4 class=\"wp-block-heading\">CURSO ONLINE<\/h4>\r\n\r\n\r\n\r\n<div class=\"wp-block-image\">\r\n<figure class=\"alignleft\"><img loading=\"lazy\" decoding=\"async\" width=\"275\" height=\"183\" data-attachment-id=\"1010\" data-permalink=\"https:\/\/interchapglobal.org\/br\/online-learning3\/\" data-orig-file=\"https:\/\/interchapglobal.org\/br\/wp-content\/uploads\/2018\/09\/online-learning3.jpg\" data-orig-size=\"275,183\" data-comments-opened=\"1\" data-image-meta=\"{&quot;aperture&quot;:&quot;0&quot;,&quot;credit&quot;:&quot;&quot;,&quot;camera&quot;:&quot;&quot;,&quot;caption&quot;:&quot;&quot;,&quot;created_timestamp&quot;:&quot;0&quot;,&quot;copyright&quot;:&quot;&quot;,&quot;focal_length&quot;:&quot;0&quot;,&quot;iso&quot;:&quot;0&quot;,&quot;shutter_speed&quot;:&quot;0&quot;,&quot;title&quot;:&quot;&quot;,&quot;orientation&quot;:&quot;0&quot;}\" data-image-title=\"online-learning3\" data-image-description=\"\" data-image-caption=\"\" data-medium-file=\"https:\/\/interchapglobal.org\/br\/wp-content\/uploads\/2018\/09\/online-learning3.jpg\" data-large-file=\"https:\/\/interchapglobal.org\/br\/wp-content\/uploads\/2018\/09\/online-learning3.jpg\" class=\"wp-image-1010\" src=\"https:\/\/interchapglobal.org\/br\/wp-content\/uploads\/2018\/09\/online-learning3.jpg\" alt=\"\" \/>\r\n\r\n<\/figure>\r\n<\/div>\r\n\r\n\r\n\r\n<p>Oferecemos o curso de Capelania Volunt\u00e1ria Internacional totalmente ONLINE.<\/p>\r\n<p>Tudo que voc\u00ea precisa \u00e9 ter acesso a um computador com conex\u00e3o na Internet.<\/p>\r\n\r\n\r\n\r\n<h4 class=\"wp-block-heading\">\u00a0<\/h4>\r\n<h4>CURSOS PRESENCIAIS<\/h4>\r\n\r\n\r\n\r\n<div class=\"wp-block-image\">\r\n<figure class=\"alignleft is-resized\"><img loading=\"lazy\" decoding=\"async\" data-attachment-id=\"1067\" data-permalink=\"https:\/\/interchapglobal.org\/br\/rio-claro-sp-14\/\" data-orig-file=\"https:\/\/interchapglobal.org\/br\/wp-content\/uploads\/2018\/09\/Rio-Claro-SP-14-e1554781203407.jpg\" data-orig-size=\"275,155\" data-comments-opened=\"1\" data-image-meta=\"{&quot;aperture&quot;:&quot;0&quot;,&quot;credit&quot;:&quot;&quot;,&quot;camera&quot;:&quot;&quot;,&quot;caption&quot;:&quot;&quot;,&quot;created_timestamp&quot;:&quot;0&quot;,&quot;copyright&quot;:&quot;&quot;,&quot;focal_length&quot;:&quot;0&quot;,&quot;iso&quot;:&quot;0&quot;,&quot;shutter_speed&quot;:&quot;0&quot;,&quot;title&quot;:&quot;&quot;,&quot;orientation&quot;:&quot;0&quot;}\" data-image-title=\"Rio Claro SP 14\" data-image-description=\"\" data-image-caption=\"\" data-medium-file=\"https:\/\/interchapglobal.org\/br\/wp-content\/uploads\/2018\/09\/Rio-Claro-SP-14-300x169.jpg\" data-large-file=\"https:\/\/interchapglobal.org\/br\/wp-content\/uploads\/2018\/09\/Rio-Claro-SP-14-1024x576.jpg\" class=\"wp-image-1067\" src=\"https:\/\/interchapglobal.org\/br\/wp-content\/uploads\/2018\/09\/Rio-Claro-SP-14-1024x576.jpg\" alt=\"\" width=\"280\" height=\"158\" \/><\/figure>\r\n<\/div>\r\n\r\n\r\n\r\n<p>Para igrejas, oferecemos o curso de Capelania Volunt\u00e1ria Internacional (PRESENCIAL).<\/p>\r\n<p>Procure maiores informa\u00e7\u00f5es atrav\u00e9s do nosso e-mail: info@interchapglobal.org<\/p>\r\n\r\n\r\n\r\n<h4 class=\"wp-block-heading\">\u00a0<\/h4>\r\n<h4>CURSOS DE ESPECIALIZA\u00c7\u00c3O<\/h4>\r\n\r\n\r\n\r\n<div class=\"wp-block-image\">\r\n<figure class=\"alignleft is-resized\"><img loading=\"lazy\" decoding=\"async\" data-attachment-id=\"732\" data-permalink=\"https:\/\/interchapglobal.org\/br\/interchap-global\/experts_3_org-jpg\/\" data-orig-file=\"https:\/\/interchapglobal.org\/br\/wp-content\/uploads\/2018\/06\/experts_3_org.jpg\" data-orig-size=\"325,250\" data-comments-opened=\"1\" data-image-meta=\"{&quot;aperture&quot;:&quot;0&quot;,&quot;credit&quot;:&quot;&quot;,&quot;camera&quot;:&quot;&quot;,&quot;caption&quot;:&quot;&quot;,&quot;created_timestamp&quot;:&quot;0&quot;,&quot;copyright&quot;:&quot;&quot;,&quot;focal_length&quot;:&quot;0&quot;,&quot;iso&quot;:&quot;0&quot;,&quot;shutter_speed&quot;:&quot;0&quot;,&quot;title&quot;:&quot;&quot;,&quot;orientation&quot;:&quot;0&quot;}\" data-image-title=\"experts_3_org.jpg\" data-image-description=\"\" data-image-caption=\"\" data-medium-file=\"https:\/\/interchapglobal.org\/br\/wp-content\/uploads\/2018\/06\/experts_3_org-300x231.jpg\" data-large-file=\"https:\/\/interchapglobal.org\/br\/wp-content\/uploads\/2018\/06\/experts_3_org.jpg\" class=\"wp-image-732\" src=\"https:\/\/interchapglobal.org\/br\/wp-content\/uploads\/2018\/06\/experts_3_org.jpg\" alt=\"\" width=\"290\" height=\"223\" srcset=\"https:\/\/interchapglobal.org\/br\/wp-content\/uploads\/2018\/06\/experts_3_org.jpg 325w, https:\/\/interchapglobal.org\/br\/wp-content\/uploads\/2018\/06\/experts_3_org-300x231.jpg 300w\" sizes=\"auto, (max-width: 290px) 100vw, 290px\" \/><\/figure>\r\n<\/div>\r\n\r\n\r\n\r\n<p>Oferecemos aos nossos capel\u00e3es, que j\u00e1 participaram do Curso de Capelania Volunt\u00e1ria Internacional a possibilidade de se aprofundarem com a especializa\u00e7\u00e3o na \u00e1rea de sua voca\u00e7\u00e3o como capel\u00e3o.<\/p>\r\n","protected":false},"excerpt":{"rendered":"<p>INTERNATIONAL CHAPLAINS ASSOCIATION Na busca de alcan\u00e7ar o cumprimento de seus tr\u00eas objetivos b\u00e1sicos, UNI\u00c3O &#8211; CAPACITA\u00c7\u00c3O &#8211; A\u00c7\u00c3O, estamos &hellip; <\/p>\n","protected":false},"author":1,"featured_media":0,"parent":0,"menu_order":0,"comment_status":"closed","ping_status":"closed","template":"","meta":{"jetpack_post_was_ever_published":false,"footnotes":""},"class_list":["post-1099","page","type-page","status-publish","hentry"],"jetpack_sharing_enabled":true,"jetpack_shortlink":"https:\/\/wp.me\/P8BpkJ-hJ","_links":{"self":[{"href":"https:\/\/interchapglobal.org\/br\/wp-json\/wp\/v2\/pages\/1099","targetHints":{"allow":["GET"]}}],"collection":[{"href":"https:\/\/interchapglobal.org\/br\/wp-json\/wp\/v2\/pages"}],"about":[{"href":"https:\/\/interchapglobal.org\/br\/wp-json\/wp\/v2\/types\/page"}],"author":[{"embeddable":true,"href":"https:\/\/interchapglobal.org\/br\/wp-json\/wp\/v2\/users\/1"}],"replies":[{"embeddable":true,"href":"https:\/\/interchapglobal.org\/br\/wp-json\/wp\/v2\/comments?post=1099"}],"version-history":[{"count":54,"href":"https:\/\/interchapglobal.org\/br\/wp-json\/wp\/v2\/pages\/1099\/revisions"}],"predecessor-version":[{"id":6740,"href":"https:\/\/interchapglobal.org\/br\/wp-json\/wp\/v2\/pages\/1099\/revisions\/6740"}],"wp:attachment":[{"href":"https:\/\/interchapglobal.org\/br\/wp-json\/wp\/v2\/media?parent=1099"}],"curies":[{"name":"wp","href":"https:\/\/api.w.org\/{rel}","templated":true}]}}