{"id":16,"date":"2017-04-09T03:02:44","date_gmt":"2017-04-09T03:02:44","guid":{"rendered":"https:\/\/interchapglobal.org\/br\/?page_id=16"},"modified":"2022-01-18T13:13:08","modified_gmt":"2022-01-18T16:13:08","slug":"quem-somos","status":"publish","type":"page","link":"https:\/\/interchapglobal.org\/br\/quem-somos\/","title":{"rendered":"Quem somos"},"content":{"rendered":"<h2 style=\"text-align: center;\"><span style=\"color: #000000;\">A International Chaplains Association &#8211; Interchap Global,<br \/>\nnasceu para UNIR &#8211; CAPACITAR &#8211; AGIR<\/span><\/h2>\n<h3 style=\"text-align: center;\"><a href=\"https:\/\/interchapglobal.org\/br\/wp-content\/uploads\/2022\/01\/001.mp4\" target=\"_blank\" rel=\"noopener\"><span style=\"color: #ff0000;\">VEJA NOSSO VIDEO<\/span><\/a><\/h3>\n<h2><span style=\"color: #000000;\"><strong>Nestes tr\u00eas objetivos b\u00e1sicos queremos:<\/strong><\/span><\/h2>\n<p><span style=\"color: #000000;\">\u2013\u00a0Facilitar o encorajamento m\u00fatuo, apoio e compreens\u00e3o entre os capel\u00e3es de todo o mundo.<\/span><br \/>\n<span style=\"color: #000000;\"> \u2013 Apoiar e promover a capelania volunt\u00e1ria e\u00a0para isto resguardar os padr\u00f5es\u00a0\u00e9ticos,\u00a0profissionais\u00a0e b\u00edblicos entre os capel\u00e3es.<\/span><br \/>\n<span style=\"color: #000000;\"> \u2013 Prestar servi\u00e7os espirituais, psicol\u00f3gicos e de sa\u00fade para os indiv\u00edduos e as organiza\u00e7\u00f5es que necessitam, tais como, hospitais, pris\u00f5es, lares de idosos, institui\u00e7\u00f5es educacionais, igrejas e empresas.<\/span><br \/>\n<span style=\"color: #000000;\"> \u2013\u00a0Ajudar no combate e preven\u00e7\u00e3o do abuso de entorpecentes e \u00e1lcool proporcionando assist\u00eancia, tratamento e reabilita\u00e7\u00e3o\u00a0 a estes dependentes e seus familiares.<\/span><br \/>\n<span style=\"color: #000000;\"> \u2013 Apoiar os esfor\u00e7os destinados a melhorar a qualidade de vida das pessoas e do meio ambiente onde elas vivem atrav\u00e9s do desenvolvimento de\u00a0atividades de educa\u00e7\u00e3o, sociais, culturais e ambientais.<\/span><br \/>\n<span style=\"color: #000000;\"> \u2013\u00a0Oferecer e promover oportunidades de educa\u00e7\u00e3o cont\u00ednua a todos os capel\u00e3es\u00a0para que possam desempenhar\u00a0melhor a sua atividade de ajuda aos necessitados.<\/span><br \/>\n<span style=\"color: #000000;\"> \u2013\u00a0Aumentar o conhecimento, respeito e valoriza\u00e7\u00e3o de capel\u00e3es, dentro de\u00a0suas comunidades\u00a0e em todos os lugares atrav\u00e9s da educa\u00e7\u00e3o.<\/span><br \/>\n<span style=\"color: #000000;\"> \u2013\u00a0Utilizar todos os meios e esfor\u00e7os necess\u00e1rios para cumprir os seus fins, incluindo a organiza\u00e7\u00e3o de unidades de servi\u00e7os\u00a0e ensino que se fizerem\u00a0necess\u00e1rias para o desempenho de suas atividades.<\/span><\/p>\n<p style=\"text-align: center;\"><strong><span style=\"color: #000000;\">Assim nos colocamos a disposi\u00e7\u00e3o de todos os interessados para oferecer\u00a0ensino,<br \/>\neduca\u00e7\u00e3o e preparo para as atividades da capelania volunt\u00e1ria<br \/>\nnos par\u00e2metros internacionais.<\/span><\/strong><\/p>\n<h1 style=\"text-align: center;\"><span style=\"color: #ff0000;\"><strong>VENHA SER UM DE NOSSOS ALUNOS!<\/strong><\/span><\/h1>\n","protected":false},"excerpt":{"rendered":"<p>A International Chaplains Association &#8211; Interchap Global, nasceu para UNIR &#8211; CAPACITAR &#8211; AGIR VEJA NOSSO VIDEO Nestes tr\u00eas objetivos &hellip; <\/p>\n","protected":false},"author":1,"featured_media":0,"parent":0,"menu_order":0,"comment_status":"closed","ping_status":"closed","template":"","meta":{"jetpack_post_was_ever_published":false,"footnotes":""},"class_list":["post-16","page","type-page","status-publish","hentry"],"jetpack_sharing_enabled":true,"jetpack_shortlink":"https:\/\/wp.me\/P8BpkJ-g","_links":{"self":[{"href":"https:\/\/interchapglobal.org\/br\/wp-json\/wp\/v2\/pages\/16","targetHints":{"allow":["GET"]}}],"collection":[{"href":"https:\/\/interchapglobal.org\/br\/wp-json\/wp\/v2\/pages"}],"about":[{"href":"https:\/\/interchapglobal.org\/br\/wp-json\/wp\/v2\/types\/page"}],"author":[{"embeddable":true,"href":"https:\/\/interchapglobal.org\/br\/wp-json\/wp\/v2\/users\/1"}],"replies":[{"embeddable":true,"href":"https:\/\/interchapglobal.org\/br\/wp-json\/wp\/v2\/comments?post=16"}],"version-history":[{"count":20,"href":"https:\/\/interchapglobal.org\/br\/wp-json\/wp\/v2\/pages\/16\/revisions"}],"predecessor-version":[{"id":6464,"href":"https:\/\/interchapglobal.org\/br\/wp-json\/wp\/v2\/pages\/16\/revisions\/6464"}],"wp:attachment":[{"href":"https:\/\/interchapglobal.org\/br\/wp-json\/wp\/v2\/media?parent=16"}],"curies":[{"name":"wp","href":"https:\/\/api.w.org\/{rel}","templated":true}]}}