{"id":20,"date":"2017-04-09T03:03:26","date_gmt":"2017-04-09T03:03:26","guid":{"rendered":"https:\/\/interchapglobal.org\/br\/?page_id=20"},"modified":"2023-05-31T19:09:01","modified_gmt":"2023-05-31T22:09:01","slug":"cursos","status":"publish","type":"page","link":"https:\/\/interchapglobal.org\/br\/cursos\/","title":{"rendered":"Cursos"},"content":{"rendered":"<h2 style=\"text-align: left;\"><strong>OFERECEMOS OS SEGUINTES CURSOS ONLINE<\/strong><\/h2>\n<p><strong><span style=\"color: #3366ff;\"><span style=\"color: #000000;\">CAPELANIA\u00a0VOLUNT\u00c1RIA INTERNACIONAL<\/span>\u00a0 \u00a0<a href=\"https:\/\/interchapglobal.org\/br\/inscricao\/\"><span style=\"color: #008000;\"><span style=\"color: #ff0000;\">(INSCREVA-SE J\u00c1)<\/span><\/span><\/a><\/span><\/strong><\/p>\n<p><strong><span style=\"color: #3366ff;\">ESPECIALIZA\u00c7\u00d5ES NAS \u00c1REAS DE CAPELANIA <span style=\"color: #008000;\">(EM DESENVOLVIMENTO)<\/span><\/span><\/strong><\/p>\n<p><strong><span style=\"color: #3366ff;\">PRIMEIROS SOCORROS <span style=\"color: #ff0000;\"><span style=\"color: #008000;\">(EM DESENVOLVIMENTO)<\/span> <a href=\"https:\/\/interchapglobal.org\/br\/arc-1\/\" target=\"_blank\" rel=\"noopener noreferrer\"><span style=\"color: #008000;\"><span style=\"color: #ff0000;\">Amostra<\/span><\/span><\/a><span style=\"color: #008000;\"><span style=\"color: #ff0000;\"> (CRUZ VERMELHA)<\/span><\/span><br \/>\n<\/span><\/span><\/strong><\/p>\n<p><strong><span style=\"color: #3366ff;\">PRIMEIROS SOCORROS, RCP E DEA\u00a0<span style=\"color: #ff0000;\"><span style=\"color: #008000;\">(EM DESENVOLVIMENTO)<\/span> <a href=\"https:\/\/interchapglobal.org\/br\/1456-2\/\" target=\"_blank\" rel=\"noopener noreferrer\"><span style=\"color: #008000;\"><span style=\"color: #008000;\"><span style=\"color: #ff0000;\">Amostra<\/span><\/span><\/span><\/a><span style=\"color: #008000;\"><span style=\"color: #008000;\"><span style=\"color: #ff0000;\">\u00a0(CRUZ VERMELHA)<\/span><\/span><\/span><\/span><\/span><\/strong><\/p>\n<p><strong><span style=\"color: #3366ff;\">O CRIST\u00c3O E SUAS FINAN\u00c7AS <span style=\"color: #008000;\">(EM DESENVOLVIMENTO)<\/span><\/span><\/strong><\/p>\n<p><strong><span style=\"color: #3366ff;\">\u00c9TICA CRIST\u00c3<\/span> <span style=\"color: #008000;\">(EM DESENVOLVIMENTO)<\/span><\/strong><\/p>\n<p style=\"text-align: center;\"><span style=\"color: #008000;\"><strong>CURSOS EM DESENVOLVIMENTO ESTAR\u00c3O DISPON\u00cdVEIS EM BREVE!<\/strong><\/span><\/p>\n<h2 style=\"text-align: center;\"><span style=\"color: #000000;\"><strong>MATRICULAS ABERTAS PARA O CURSO DE CAPELANIA!<br \/>\n<a href=\"https:\/\/interchapglobal.org\/br\/inscricao\/\"><span style=\"color: #ff0000;\">CLIQUE AQUI!<\/span><\/a><br \/>\n<\/strong><\/span><\/h2>\n<p>&nbsp;<\/p>\n<p>&nbsp;<\/p>\n","protected":false},"excerpt":{"rendered":"<p>OFERECEMOS OS SEGUINTES CURSOS ONLINE CAPELANIA\u00a0VOLUNT\u00c1RIA INTERNACIONAL\u00a0 \u00a0(INSCREVA-SE J\u00c1) ESPECIALIZA\u00c7\u00d5ES NAS \u00c1REAS DE CAPELANIA (EM DESENVOLVIMENTO) PRIMEIROS SOCORROS (EM DESENVOLVIMENTO) &hellip; <\/p>\n","protected":false},"author":1,"featured_media":0,"parent":0,"menu_order":0,"comment_status":"closed","ping_status":"closed","template":"","meta":{"jetpack_post_was_ever_published":false,"footnotes":""},"class_list":["post-20","page","type-page","status-publish","hentry"],"jetpack_sharing_enabled":true,"jetpack_shortlink":"https:\/\/wp.me\/P8BpkJ-k","_links":{"self":[{"href":"https:\/\/interchapglobal.org\/br\/wp-json\/wp\/v2\/pages\/20","targetHints":{"allow":["GET"]}}],"collection":[{"href":"https:\/\/interchapglobal.org\/br\/wp-json\/wp\/v2\/pages"}],"about":[{"href":"https:\/\/interchapglobal.org\/br\/wp-json\/wp\/v2\/types\/page"}],"author":[{"embeddable":true,"href":"https:\/\/interchapglobal.org\/br\/wp-json\/wp\/v2\/users\/1"}],"replies":[{"embeddable":true,"href":"https:\/\/interchapglobal.org\/br\/wp-json\/wp\/v2\/comments?post=20"}],"version-history":[{"count":57,"href":"https:\/\/interchapglobal.org\/br\/wp-json\/wp\/v2\/pages\/20\/revisions"}],"predecessor-version":[{"id":6615,"href":"https:\/\/interchapglobal.org\/br\/wp-json\/wp\/v2\/pages\/20\/revisions\/6615"}],"wp:attachment":[{"href":"https:\/\/interchapglobal.org\/br\/wp-json\/wp\/v2\/media?parent=20"}],"curies":[{"name":"wp","href":"https:\/\/api.w.org\/{rel}","templated":true}]}}