{"id":843,"date":"2018-09-06T01:06:57","date_gmt":"2018-09-06T04:06:57","guid":{"rendered":"https:\/\/interchapglobal.org\/br\/?page_id=843"},"modified":"2025-11-05T01:11:08","modified_gmt":"2025-11-05T04:11:08","slug":"planos","status":"publish","type":"page","link":"https:\/\/interchapglobal.org\/br\/planos\/","title":{"rendered":"Planos"},"content":{"rendered":"<h2 style=\"text-align: center;\">Voc\u00ea poder\u00e1 optar pela forma de pagamento\u00a0que melhor lhe convem!<\/h2>\n<h2 style=\"text-align: center;\">\u00c0 vista ou Parcelamento em at\u00e9 2 vezes!<\/h2>\n<p><strong>Pagamento a vista<\/strong><br \/>\nPara o pagamento a vista h\u00e1 <strong>desconto promocional<\/strong>\u00a0e \u00e9 a forma mais r\u00e1pida para concluir o curso.<br \/>\n<span style=\"color: #ff0000;\">Em menos de um m\u00eas voc\u00ea poder\u00e1 estar com o curso conclu\u00eddo!<\/span><\/p>\n<p><strong>Parcelado em 2 vezes<\/strong><br \/>\nPagamento parcelado em 2 vezes. Uma entrada e mais uma parcela.<br \/>\n<span style=\"color: #ff0000;\">Nesta op\u00e7\u00e3o o curso poder\u00e1 ser conclu\u00eddo em dois meses!<\/span><\/p>\n<p><strong>NOTA:<\/strong><br \/>\n<span style=\"color: #ff0000;\"><em><strong>Para voc\u00ea receber seu certificado, identifica\u00e7\u00e3o de Capel\u00e3o da Interchap Global<\/strong><\/em><\/span><br \/>\n<span style=\"color: #ff0000;\"><em><strong>e o material devido da formatura, \u00e9 necess\u00e1rio que o curso esteja PAGO INTEGRALMENTE!<\/strong><\/em><\/span><\/p>\n<p><strong>Selecione a forma de pagamento conforme sua localiza\u00e7\u00e3o.<\/strong><\/p>\n<p><strong><span style=\"color: #ff0000;\">LEMBRE-SE:<\/span> Para escolher sua forma de pagamento voc\u00ea dever\u00e1 fazer seu <span style=\"color: #ff0000;\"><a style=\"color: #ff0000;\" href=\"https:\/\/interchapglobal.org\/br\/login\/\" target=\"_blank\" rel=\"noopener noreferrer\">LOGIN.<\/a><\/span><\/strong><\/p>\n<div class='content-column one_third'><span style=\"color: #0000ff;\"><a style=\"color: #0000ff;\" href=\"https:\/\/interchapglobal.org\/br\/loja\/\"><strong>BRASIL<\/strong><\/a><\/span><br \/><\/div>\n<div class='content-column one_third'><a href=\"https:\/\/interchapglobal.org\/br\/estados-unidos\/\"><strong><span style=\"color: #0000ff;\">ESTADOS UNIDOS<\/span><\/strong><\/a><br \/><\/div>\n<div class='content-column one_third'><span style=\"color: #0000ff;\"><a style=\"color: #0000ff;\" href=\"https:\/\/interchapglobal.org\/br\/europa\/\"><strong>EUROPA<\/strong><\/a><\/span><br \/><\/div>\n","protected":false},"excerpt":{"rendered":"<p>Voc\u00ea poder\u00e1 optar pela forma de pagamento\u00a0que melhor lhe convem! \u00c0 vista ou Parcelamento em at\u00e9 2 vezes! Pagamento a &hellip; <\/p>\n","protected":false},"author":1,"featured_media":0,"parent":0,"menu_order":0,"comment_status":"closed","ping_status":"closed","template":"","meta":{"jetpack_post_was_ever_published":false,"footnotes":""},"class_list":["post-843","page","type-page","status-publish","hentry"],"jetpack_sharing_enabled":true,"jetpack_shortlink":"https:\/\/wp.me\/P8BpkJ-dB","_links":{"self":[{"href":"https:\/\/interchapglobal.org\/br\/wp-json\/wp\/v2\/pages\/843","targetHints":{"allow":["GET"]}}],"collection":[{"href":"https:\/\/interchapglobal.org\/br\/wp-json\/wp\/v2\/pages"}],"about":[{"href":"https:\/\/interchapglobal.org\/br\/wp-json\/wp\/v2\/types\/page"}],"author":[{"embeddable":true,"href":"https:\/\/interchapglobal.org\/br\/wp-json\/wp\/v2\/users\/1"}],"replies":[{"embeddable":true,"href":"https:\/\/interchapglobal.org\/br\/wp-json\/wp\/v2\/comments?post=843"}],"version-history":[{"count":30,"href":"https:\/\/interchapglobal.org\/br\/wp-json\/wp\/v2\/pages\/843\/revisions"}],"predecessor-version":[{"id":6751,"href":"https:\/\/interchapglobal.org\/br\/wp-json\/wp\/v2\/pages\/843\/revisions\/6751"}],"wp:attachment":[{"href":"https:\/\/interchapglobal.org\/br\/wp-json\/wp\/v2\/media?parent=843"}],"curies":[{"name":"wp","href":"https:\/\/api.w.org\/{rel}","templated":true}]}}