{"id":888,"date":"2018-09-07T14:04:57","date_gmt":"2018-09-07T17:04:57","guid":{"rendered":"https:\/\/interchapglobal.org\/br\/?page_id=888"},"modified":"2023-04-11T20:00:12","modified_gmt":"2023-04-11T23:00:12","slug":"licoes","status":"publish","type":"page","link":"https:\/\/interchapglobal.org\/br\/licoes\/","title":{"rendered":"Li\u00e7\u00f5es"},"content":{"rendered":"<div class=\"members-access-error\"><strong>DESCULPE; Seu acesso n\u00e3o foi poss\u00edvel!<br \/>\n1. Se ainda n\u00e3o se inscreveu para o curso fa\u00e7a isto agora <a href=\"https:\/\/interchapglobal.org\/br\/inscricao\/\"><span style=\"color: #ff0000\">CLICANDO AQUI!<\/span><\/a><br \/>\n2. Voc\u00ea esqueceu de fazer seu LOGIN ou esqueceu sua Senha? <a href=\"https:\/\/interchapglobal.org\/br\/login\/\"><span style=\"color: #ff0000\">CLIQUE AQUI!<\/span><\/a><\/strong><\/p>\n<p><strong>OBSERVA\u00c7\u00c3O:<\/strong> <em>Mesmo ap\u00f3s sua inscri\u00e7\u00e3o ser feita, voc\u00ea ainda dever\u00e1 aguardar o periodo de aprova\u00e7\u00e3o da sua inscri\u00e7\u00e3o como aluno. Somente depois voc\u00ea ter\u00e1 acesso as p\u00e1ginas das li\u00e7\u00f5es. Obrigado por sua sua compreens\u00e3o!<\/em><\/div>\n","protected":false},"excerpt":{"rendered":"<div class=\"members-access-error\"><strong>DESCULPE; Seu acesso n\u00e3o foi poss\u00edvel!<br \/>\n1. Se ainda n\u00e3o se inscreveu para o curso fa\u00e7a isto agora <a href=\"https:\/\/interchapglobal.org\/br\/inscricao\/\"><span style=\"color: #ff0000\">CLICANDO AQUI!<\/span><\/a><br \/>\n2. Voc\u00ea esqueceu de fazer seu LOGIN ou esqueceu sua Senha? <a href=\"https:\/\/interchapglobal.org\/br\/login\/\"><span style=\"color: #ff0000\">CLIQUE AQUI!<\/span><\/a><\/strong><\/p>\n<p><strong>OBSERVA\u00c7\u00c3O:<\/strong> <em>Mesmo ap\u00f3s sua inscri\u00e7\u00e3o ser feita, voc\u00ea ainda dever\u00e1 aguardar o periodo de aprova\u00e7\u00e3o da sua inscri\u00e7\u00e3o como aluno. Somente depois voc\u00ea ter\u00e1 acesso as p\u00e1ginas das li\u00e7\u00f5es. Obrigado por sua sua compreens\u00e3o!<\/em><\/div>\n","protected":false},"author":1,"featured_media":0,"parent":0,"menu_order":0,"comment_status":"closed","ping_status":"closed","template":"","meta":{"jetpack_post_was_ever_published":false,"footnotes":""},"class_list":["post-888","page","type-page","status-publish","hentry"],"jetpack_sharing_enabled":true,"jetpack_shortlink":"https:\/\/wp.me\/P8BpkJ-ek","_links":{"self":[{"href":"https:\/\/interchapglobal.org\/br\/wp-json\/wp\/v2\/pages\/888","targetHints":{"allow":["GET"]}}],"collection":[{"href":"https:\/\/interchapglobal.org\/br\/wp-json\/wp\/v2\/pages"}],"about":[{"href":"https:\/\/interchapglobal.org\/br\/wp-json\/wp\/v2\/types\/page"}],"author":[{"embeddable":true,"href":"https:\/\/interchapglobal.org\/br\/wp-json\/wp\/v2\/users\/1"}],"replies":[{"embeddable":true,"href":"https:\/\/interchapglobal.org\/br\/wp-json\/wp\/v2\/comments?post=888"}],"version-history":[{"count":38,"href":"https:\/\/interchapglobal.org\/br\/wp-json\/wp\/v2\/pages\/888\/revisions"}],"predecessor-version":[{"id":6597,"href":"https:\/\/interchapglobal.org\/br\/wp-json\/wp\/v2\/pages\/888\/revisions\/6597"}],"wp:attachment":[{"href":"https:\/\/interchapglobal.org\/br\/wp-json\/wp\/v2\/media?parent=888"}],"curies":[{"name":"wp","href":"https:\/\/api.w.org\/{rel}","templated":true}]}}