{"id":1099,"date":"2018-09-13T18:13:22","date_gmt":"2018-09-13T21:13:22","guid":{"rendered":"https:\/\/interchapglobal.org\/pt\/?page_id=1099"},"modified":"2025-10-14T23:58:32","modified_gmt":"2025-10-15T03:58:32","slug":"interchap-global","status":"publish","type":"page","link":"https:\/\/interchapglobal.org\/pt\/interchap-global\/","title":{"rendered":"Interchap Global"},"content":{"rendered":"<h3>INTERNATIONAL CHAPLAINS ASSOCIATION<\/h3>\n<p>Na busca de alcan\u00e7ar o cumprimento de seus tr\u00eas objetivos b\u00e1sicos, UNI\u00c3O &#8211; CAPACITA\u00c7\u00c3O &#8211; A\u00c7\u00c3O, estamos trazendo agora a possibilidade de voc\u00ea realizar o j\u00e1 consagrado curso de Capelania Internacional ONLINE direto de sua casa!<br \/>\nEm algumas poucas semanas, voc\u00ea tamb\u00e9m poder\u00e1 ser um dos mais de 2500 capel\u00e3es da Interchap Global ao redor do mundo.<br \/>\nAl\u00e9m disto, voc\u00ea estar\u00e1 se preparando para melhor servir sua igreja, comunidade ou ao seu pr\u00f3ximo.<\/p>\n<h4>CURSO ONLINE<\/h4>\n<p>Oferecemos o curso de Capelania Volunt\u00e1ria Internacional totalmente ONLINE.<br \/>\nTudo que voc\u00ea precisa \u00e9 ter acesso a um computador com conex\u00e3o na Internet.<\/p>\n<h4>CURSOS PRESENCIAIS<\/h4>\n<p><strong>Para igrejas,<\/strong> oferecemos o curso de Capelania Volunt\u00e1ria Internacional <strong>(PRESENCIAL)<\/strong>.<br \/>\nProcure maiores informa\u00e7\u00f5es atrav\u00e9s do nosso e-mail: info@interchapglobal.org<\/p>\n<h4>CURSOS DE ESPECIALIZA\u00c7\u00c3O<\/h4>\n<p>Oferecemos aos nossos capel\u00e3es, que j\u00e1 participaram do Curso de Capelania Volunt\u00e1ria Internacional a possibilidade de se aprofundarem com a especializa\u00e7\u00e3o na \u00e1rea de sua voca\u00e7\u00e3o como capel\u00e3o.<\/p>\n","protected":false},"excerpt":{"rendered":"<p>INTERNATIONAL CHAPLAINS ASSOCIATION Na busca de alcan\u00e7ar o cumprimento de seus tr\u00eas objetivos b\u00e1sicos, UNI\u00c3O &#8211; CAPACITA\u00c7\u00c3O &#8211; A\u00c7\u00c3O, estamos&#8230; <\/p>\n","protected":false},"author":3,"featured_media":0,"parent":0,"menu_order":0,"comment_status":"closed","ping_status":"closed","template":"","meta":{"jetpack_post_was_ever_published":false,"footnotes":""},"class_list":["post-1099","page","type-page","status-publish","hentry"],"jetpack_sharing_enabled":true,"jetpack_shortlink":"https:\/\/wp.me\/PfvuOb-hJ","_links":{"self":[{"href":"https:\/\/interchapglobal.org\/pt\/wp-json\/wp\/v2\/pages\/1099","targetHints":{"allow":["GET"]}}],"collection":[{"href":"https:\/\/interchapglobal.org\/pt\/wp-json\/wp\/v2\/pages"}],"about":[{"href":"https:\/\/interchapglobal.org\/pt\/wp-json\/wp\/v2\/types\/page"}],"author":[{"embeddable":true,"href":"https:\/\/interchapglobal.org\/pt\/wp-json\/wp\/v2\/users\/3"}],"replies":[{"embeddable":true,"href":"https:\/\/interchapglobal.org\/pt\/wp-json\/wp\/v2\/comments?post=1099"}],"version-history":[{"count":12,"href":"https:\/\/interchapglobal.org\/pt\/wp-json\/wp\/v2\/pages\/1099\/revisions"}],"predecessor-version":[{"id":7437,"href":"https:\/\/interchapglobal.org\/pt\/wp-json\/wp\/v2\/pages\/1099\/revisions\/7437"}],"wp:attachment":[{"href":"https:\/\/interchapglobal.org\/pt\/wp-json\/wp\/v2\/media?parent=1099"}],"curies":[{"name":"wp","href":"https:\/\/api.w.org\/{rel}","templated":true}]}}