{"id":14,"date":"2017-04-09T03:02:21","date_gmt":"2017-04-09T03:02:21","guid":{"rendered":"https:\/\/interchapglobal.org\/pt\/?page_id=14"},"modified":"2024-02-20T11:09:22","modified_gmt":"2024-02-20T15:09:22","slug":"inicio","status":"publish","type":"page","link":"https:\/\/interchapglobal.org\/pt\/","title":{"rendered":"In\u00edcio"},"content":{"rendered":"<h3 style=\"text-align: center;\"><img loading=\"lazy\" decoding=\"async\" data-attachment-id=\"6877\" data-permalink=\"https:\/\/interchapglobal.org\/pt\/inicio\/icone-curso-online\/\" data-orig-file=\"https:\/\/interchapglobal.org\/pt\/wp-content\/uploads\/2024\/02\/Icone-Curso-Online.jpg\" data-orig-size=\"295,212\" data-comments-opened=\"1\" data-image-meta=\"{&quot;aperture&quot;:&quot;0&quot;,&quot;credit&quot;:&quot;&quot;,&quot;camera&quot;:&quot;&quot;,&quot;caption&quot;:&quot;&quot;,&quot;created_timestamp&quot;:&quot;0&quot;,&quot;copyright&quot;:&quot;&quot;,&quot;focal_length&quot;:&quot;0&quot;,&quot;iso&quot;:&quot;0&quot;,&quot;shutter_speed&quot;:&quot;0&quot;,&quot;title&quot;:&quot;&quot;,&quot;orientation&quot;:&quot;1&quot;}\" data-image-title=\"Icone Curso Online\" data-image-description=\"\" data-image-caption=\"\" data-medium-file=\"https:\/\/interchapglobal.org\/pt\/wp-content\/uploads\/2024\/02\/Icone-Curso-Online.jpg\" data-large-file=\"https:\/\/interchapglobal.org\/pt\/wp-content\/uploads\/2024\/02\/Icone-Curso-Online.jpg\" class=\"alignnone size-full wp-image-6877\" src=\"https:\/\/interchapglobal.org\/pt\/wp-content\/uploads\/2024\/02\/Icone-Curso-Online.jpg\" alt=\"\" width=\"295\" height=\"212\" \/><\/h3>\n<h3 style=\"text-align: center;\">AQUILO QUE TANTOS ESTAVAM AGUARDANDO&#8230;<\/h3>\n<p style=\"text-align: center;\"><span style=\"color: #0000ff;\"><strong>CURSO DE CAPELANIA VOLUNT\u00c1RIA INTERNACIONAL ONLINE!<\/strong><\/span><\/p>\n<p style=\"text-align: center;\"><a href=\"https:\/\/interchapglobal.org\/pt\/wp-content\/uploads\/2024\/02\/CARTAZ-CURSO-DE-CAPELANIA-ONLINE-PT-1.pdf\" target=\"_blank\" rel=\"noopener\"><span style=\"color: #ff0000;\"><strong>CLIQUE AQUI PARA VER O CARTAZ!<\/strong><\/span><\/a><\/p>\n<p style=\"text-align: center;\"><strong>ENTRE EM CONTATO CONOSCO PARA OBTER MAIORES INFORMA\u00c7\u00d5ES<\/strong><br \/>\n<span style=\"color: #0000ff;\"><a style=\"color: #0000ff;\" href=\"mailto:contato@interchapglobal.org\"><strong><span style=\"color: #0066cc;\">contato@interchapglobal.org<\/span><\/strong><\/a><\/span><br \/>\n<strong>ENVIAREMOS TODAS AS INFORMA\u00c7\u00d5ES GRATUITAMENTE PARA VOC\u00ca!<\/strong><\/p>\n<p style=\"text-align: center;\"><strong><span style=\"color: #3366ff;\"><a style=\"color: #3366ff;\" href=\"https:\/\/interchapglobal.org\/pt\/registro\/\" target=\"_blank\" rel=\"noopener noreferrer\"><span style=\"color: #ff0000;\"><span style=\"color: #0000ff;\"><span style=\"color: #ff0000;\">CLIQUE AQUI<\/span><\/span><\/span><\/a><\/span><span style=\"color: #ff0000;\">\u00a0<\/span>para cadastrar seu e-mail e voc\u00ea receber\u00e1 informa\u00e7\u00f5es sobre<br \/>\nnossos eventos e tamb\u00e9m <\/strong><strong>eventuais <\/strong><strong>cupons de descontos!<\/strong><\/p>\n","protected":false},"excerpt":{"rendered":"<p>AQUILO QUE TANTOS ESTAVAM AGUARDANDO&#8230; CURSO DE CAPELANIA VOLUNT\u00c1RIA INTERNACIONAL ONLINE! CLIQUE AQUI PARA VER O CARTAZ! ENTRE EM CONTATO&#8230; <\/p>\n","protected":false},"author":3,"featured_media":0,"parent":0,"menu_order":0,"comment_status":"closed","ping_status":"closed","template":"","meta":{"jetpack_post_was_ever_published":false,"footnotes":""},"class_list":["post-14","page","type-page","status-publish","hentry"],"jetpack_sharing_enabled":true,"jetpack_shortlink":"https:\/\/wp.me\/PfvuOb-e","_links":{"self":[{"href":"https:\/\/interchapglobal.org\/pt\/wp-json\/wp\/v2\/pages\/14","targetHints":{"allow":["GET"]}}],"collection":[{"href":"https:\/\/interchapglobal.org\/pt\/wp-json\/wp\/v2\/pages"}],"about":[{"href":"https:\/\/interchapglobal.org\/pt\/wp-json\/wp\/v2\/types\/page"}],"author":[{"embeddable":true,"href":"https:\/\/interchapglobal.org\/pt\/wp-json\/wp\/v2\/users\/3"}],"replies":[{"embeddable":true,"href":"https:\/\/interchapglobal.org\/pt\/wp-json\/wp\/v2\/comments?post=14"}],"version-history":[{"count":6,"href":"https:\/\/interchapglobal.org\/pt\/wp-json\/wp\/v2\/pages\/14\/revisions"}],"predecessor-version":[{"id":7082,"href":"https:\/\/interchapglobal.org\/pt\/wp-json\/wp\/v2\/pages\/14\/revisions\/7082"}],"wp:attachment":[{"href":"https:\/\/interchapglobal.org\/pt\/wp-json\/wp\/v2\/media?parent=14"}],"curies":[{"name":"wp","href":"https:\/\/api.w.org\/{rel}","templated":true}]}}