{"id":1944,"date":"2019-04-09T14:00:22","date_gmt":"2019-04-09T17:00:22","guid":{"rendered":"https:\/\/interchapglobal.org\/pt\/?page_id=1944"},"modified":"2025-10-14T23:54:30","modified_gmt":"2025-10-15T03:54:30","slug":"curso-online","status":"publish","type":"page","link":"https:\/\/interchapglobal.org\/pt\/curso-online\/","title":{"rendered":"Curso Online"},"content":{"rendered":"<p style=\"text-align: center;\">Na busca de alcan\u00e7armos nossos tr\u00eas objetivos b\u00e1sicos, <strong>UNI\u00c3O &#8211; CAPACITA\u00c7\u00c3O &#8211; A\u00c7\u00c3O<\/strong>, introduzimos o <strong>Curso de Capelania Volunt\u00e1ria Internacional &#8211; ONLINE<\/strong>.<\/p>\r\n<p style=\"text-align: center;\">A INTERNATIONAL CHAPLAINS ASSOCIATION EST\u00c1 ATUANDO EM 14 PA\u00cdSES.<\/p>\r\n<p style=\"text-align: center;\">Agora, em poucas semanas voc\u00ea poder\u00e1 fazer parte dos 2.500 capel\u00e3es da <strong>Interchap Global!<\/strong><\/p>\r\n<p style=\"text-align: center;\"><strong><em>Voc\u00ea estar\u00e1 se preparando para melhor servir sua igreja, comunidade e o seu pr\u00f3ximo.<\/em><\/strong><\/p>\r\n<!-- \/wp:post-content -->\r\n\r\n<!-- wp:heading {\"level\":4} -->\r\n<h3 style=\"text-align: center;\"><span style=\"color: #ff0000;\"><strong>Curso de Capelania Volunt\u00e1ria Internacional<\/strong> <strong>ONLINE.<\/strong><\/span><\/h3>\r\n<!-- \/wp:heading -->\r\n\r\n<!-- wp:paragraph \/-->\r\n\r\n<!-- wp:paragraph -->\r\n<h2 style=\"text-align: center;\"><span style=\"color: #0000ff;\">Direto do conforto de sua casa.<\/span><\/h2>\r\n<!-- \/wp:paragraph -->\r\n\r\n<!-- wp:paragraph -->\r\n<p style=\"text-align: center;\"><em><strong>Tudo que voc\u00ea necessita \u00e9 de um computador com conex\u00e3o a Internet.<\/strong><\/em><\/p>\r\n<p style=\"text-align: center;\">Solicite informa\u00e7\u00f5es <span style=\"color: #ff0000;\"><strong>GRATUITAMENTE<\/strong><\/span> atrav\u00e9s do e-mail: <strong><a href=\"mailto:info@interchapglobal.org\" target=\"_blank\" rel=\"noopener noreferrer\"><span style=\"color: #0066cc;\">info@interchapglobal.org<\/span><\/a><\/strong><\/p>\r\n<h3 style=\"text-align: center;\">ou preencha o formu\u00e1rio <span style=\"color: #ff0000;\">(SEM COMPROMISSO)\u00a0<span style=\"color: #0000ff;\"><a style=\"color: #0000ff;\" href=\"https:\/\/interchapglobal.org\/pt\/inscricao\/\" target=\"_blank\" rel=\"noopener\">Clique Aqui!<\/a><\/span><\/span><\/h3>\r\n<p style=\"text-align: center;\">\u00a0<\/p>\r\n<!-- \/wp:paragraph -->","protected":false},"excerpt":{"rendered":"<p>Na busca de alcan\u00e7armos nossos tr\u00eas objetivos b\u00e1sicos, UNI\u00c3O &#8211; CAPACITA\u00c7\u00c3O &#8211; A\u00c7\u00c3O, introduzimos o Curso de Capelania Volunt\u00e1ria Internacional&#8230; <\/p>\n","protected":false},"author":3,"featured_media":0,"parent":0,"menu_order":0,"comment_status":"closed","ping_status":"closed","template":"","meta":{"jetpack_post_was_ever_published":false,"footnotes":""},"class_list":["post-1944","page","type-page","status-publish","hentry"],"jetpack_sharing_enabled":true,"jetpack_shortlink":"https:\/\/wp.me\/PfvuOb-vm","_links":{"self":[{"href":"https:\/\/interchapglobal.org\/pt\/wp-json\/wp\/v2\/pages\/1944","targetHints":{"allow":["GET"]}}],"collection":[{"href":"https:\/\/interchapglobal.org\/pt\/wp-json\/wp\/v2\/pages"}],"about":[{"href":"https:\/\/interchapglobal.org\/pt\/wp-json\/wp\/v2\/types\/page"}],"author":[{"embeddable":true,"href":"https:\/\/interchapglobal.org\/pt\/wp-json\/wp\/v2\/users\/3"}],"replies":[{"embeddable":true,"href":"https:\/\/interchapglobal.org\/pt\/wp-json\/wp\/v2\/comments?post=1944"}],"version-history":[{"count":15,"href":"https:\/\/interchapglobal.org\/pt\/wp-json\/wp\/v2\/pages\/1944\/revisions"}],"predecessor-version":[{"id":7436,"href":"https:\/\/interchapglobal.org\/pt\/wp-json\/wp\/v2\/pages\/1944\/revisions\/7436"}],"wp:attachment":[{"href":"https:\/\/interchapglobal.org\/pt\/wp-json\/wp\/v2\/media?parent=1944"}],"curies":[{"name":"wp","href":"https:\/\/api.w.org\/{rel}","templated":true}]}}