{"id":20,"date":"2017-04-09T03:03:26","date_gmt":"2017-04-09T03:03:26","guid":{"rendered":"https:\/\/interchapglobal.org\/pt\/?page_id=20"},"modified":"2024-02-19T14:07:28","modified_gmt":"2024-02-19T18:07:28","slug":"cursos","status":"publish","type":"page","link":"https:\/\/interchapglobal.org\/pt\/cursos\/","title":{"rendered":"Cursos"},"content":{"rendered":"<h2 style=\"text-align: left;\"><strong>OFERECEMOS OS SEGUINTES CURSOS ONLINE<\/strong><\/h2>\n<p><span style=\"color: #000000;\"><strong>CAPELANIA\u00a0VOLUNT\u00c1RIA INTERNACIONAL\u00a0 \u00a0<span style=\"color: #0000ff;\"><a style=\"color: #0000ff;\" href=\"https:\/\/interchapglobal.org\/pt\/courses\/capelania\/\">(INSCREVA-SE J\u00c1)<\/a><\/span> \u00a0\u00a0<span style=\"color: #ff0000;\"> <a style=\"color: #ff0000;\" href=\"https:\/\/interchapglobal.org\/pt\/loja\/\" target=\"_blank\" rel=\"noopener\">(COMPRE J\u00c1)<\/a><\/span><\/strong><\/span><\/p>\n<p><strong><span style=\"color: #3366ff;\"><span style=\"color: #000000;\">ESPECIALIZA\u00c7\u00d5ES NAS \u00c1REAS DE CAPELANIA<\/span> <span style=\"color: #008000;\">(EM DESENVOLVIMENTO)<\/span><\/span><\/strong><\/p>\n<p><strong><span style=\"color: #3366ff;\"><span style=\"color: #000000;\">PRIMEIROS SOCORROS B\u00c1SICO<\/span><span style=\"color: #ff0000;\"><span style=\"color: #008000;\">(EM DESENVOLVIMENTO)<\/span><br \/>\n<\/span><\/span><\/strong><\/p>\n<p><strong><span style=\"color: #3366ff;\"><span style=\"color: #000000;\">PRIMEIROS SOCORROS, RCP E DEA<\/span>\u00a0<span style=\"color: #ff0000;\"><span style=\"color: #008000;\">(EM DESENVOLVIMENTO)<\/span><\/span><\/span><\/strong><\/p>\n<p><strong><span style=\"color: #3366ff;\"><span style=\"color: #000000;\">O CRIST\u00c3O E SUAS FINAN\u00c7AS<\/span> <span style=\"color: #008000;\">(EM DESENVOLVIMENTO)<\/span><\/span><\/strong><\/p>\n<p><strong><span style=\"color: #000000;\">\u00c9TICA CRIST\u00c3<\/span> <span style=\"color: #008000;\">(EM DESENVOLVIMENTO)<\/span><\/strong><\/p>\n<p><strong><span style=\"color: #000000;\">CUIDA DE T\u00cd MESMO (Sa\u00fade F\u00edsica e Mental) <\/span><span style=\"color: #008000;\">(EM DESENVOLVIMENTO)<\/span><\/strong><\/p>\n<p style=\"text-align: center;\"><span style=\"color: #008000;\"><strong>CURSOS EM DESENVOLVIMENTO ESTAR\u00c3O DISPON\u00cdVEIS EM BREVE!<\/strong><\/span><\/p>\n<h2 style=\"text-align: center;\"><span style=\"color: #000000;\"><strong>MATRICULAS ABERTAS PARA O CURSO DE CAPELANIA!<br \/>\n<a href=\"https:\/\/interchapglobal.org\/pt\/inscricao\/\"><span style=\"color: #ff0000;\">CLIQUE AQUI!<\/span><\/a><br \/>\n<\/strong><\/span><\/h2>\n<p>&nbsp;<\/p>\n<p>&nbsp;<\/p>\n","protected":false},"excerpt":{"rendered":"<p>OFERECEMOS OS SEGUINTES CURSOS ONLINE CAPELANIA\u00a0VOLUNT\u00c1RIA INTERNACIONAL\u00a0 \u00a0(INSCREVA-SE J\u00c1) \u00a0\u00a0 (COMPRE J\u00c1) ESPECIALIZA\u00c7\u00d5ES NAS \u00c1REAS DE CAPELANIA (EM DESENVOLVIMENTO) PRIMEIROS&#8230; <\/p>\n","protected":false},"author":3,"featured_media":0,"parent":0,"menu_order":0,"comment_status":"closed","ping_status":"closed","template":"","meta":{"jetpack_post_was_ever_published":false,"footnotes":""},"class_list":["post-20","page","type-page","status-publish","hentry"],"jetpack_sharing_enabled":true,"jetpack_shortlink":"https:\/\/wp.me\/PfvuOb-k","_links":{"self":[{"href":"https:\/\/interchapglobal.org\/pt\/wp-json\/wp\/v2\/pages\/20","targetHints":{"allow":["GET"]}}],"collection":[{"href":"https:\/\/interchapglobal.org\/pt\/wp-json\/wp\/v2\/pages"}],"about":[{"href":"https:\/\/interchapglobal.org\/pt\/wp-json\/wp\/v2\/types\/page"}],"author":[{"embeddable":true,"href":"https:\/\/interchapglobal.org\/pt\/wp-json\/wp\/v2\/users\/3"}],"replies":[{"embeddable":true,"href":"https:\/\/interchapglobal.org\/pt\/wp-json\/wp\/v2\/comments?post=20"}],"version-history":[{"count":6,"href":"https:\/\/interchapglobal.org\/pt\/wp-json\/wp\/v2\/pages\/20\/revisions"}],"predecessor-version":[{"id":7236,"href":"https:\/\/interchapglobal.org\/pt\/wp-json\/wp\/v2\/pages\/20\/revisions\/7236"}],"wp:attachment":[{"href":"https:\/\/interchapglobal.org\/pt\/wp-json\/wp\/v2\/media?parent=20"}],"curies":[{"name":"wp","href":"https:\/\/api.w.org\/{rel}","templated":true}]}}