{"id":7077,"date":"2024-02-17T00:16:02","date_gmt":"2024-02-17T04:16:02","guid":{"rendered":"https:\/\/interchapglobal.org\/pt\/?page_id=7077"},"modified":"2024-02-18T10:28:33","modified_gmt":"2024-02-18T14:28:33","slug":"contato-aluno","status":"publish","type":"page","link":"https:\/\/interchapglobal.org\/pt\/contato-aluno\/","title":{"rendered":"Contato Aluno"},"content":{"rendered":"<div class=\"members-access-error\">\n<p style=\"text-align: center\"><strong><em>Desculpe; Esta p\u00e1gina est\u00e1 dispon\u00edvel somente para membros registrados com a Interchap Global e\/ou seus alunos.<\/em><\/strong><\/p>\n<p>Agradecemos por sua compreens\u00e3o!<\/p>\n<p style=\"text-align: center\"><strong><a href=\"https:\/\/interchapglobal.org\/pt\/registro\/\"><span style=\"color: #ff0000\">Registre-se<\/span><\/a> conosco ou fa\u00e7a seu <a href=\"https:\/\/interchapglobal.org\/pt\/login\/\"><span style=\"color: #ff0000\">Login<\/span><\/a><\/strong><\/p>\n<\/div>\n","protected":false},"excerpt":{"rendered":"<div class=\"members-access-error\">\n<p style=\"text-align: center\"><strong><em>Desculpe; Esta p\u00e1gina est\u00e1 dispon\u00edvel somente para membros registrados com a Interchap Global e\/ou seus alunos.<\/em><\/strong><\/p>\n<p>Agradecemos por sua compreens\u00e3o!<\/p>\n<p style=\"text-align: center\"><strong><a href=\"https:\/\/interchapglobal.org\/pt\/registro\/\"><span style=\"color: #ff0000\">Registre-se<\/span><\/a> conosco ou fa\u00e7a seu <a href=\"https:\/\/interchapglobal.org\/pt\/login\/\"><span style=\"color: #ff0000\">Login<\/span><\/a><\/strong><\/p>\n<\/div>\n","protected":false},"author":3,"featured_media":0,"parent":0,"menu_order":0,"comment_status":"closed","ping_status":"closed","template":"","meta":{"jetpack_post_was_ever_published":false,"footnotes":""},"class_list":["post-7077","page","type-page","status-publish","hentry"],"jetpack_sharing_enabled":true,"jetpack_shortlink":"https:\/\/wp.me\/PfvuOb-1Q9","_links":{"self":[{"href":"https:\/\/interchapglobal.org\/pt\/wp-json\/wp\/v2\/pages\/7077","targetHints":{"allow":["GET"]}}],"collection":[{"href":"https:\/\/interchapglobal.org\/pt\/wp-json\/wp\/v2\/pages"}],"about":[{"href":"https:\/\/interchapglobal.org\/pt\/wp-json\/wp\/v2\/types\/page"}],"author":[{"embeddable":true,"href":"https:\/\/interchapglobal.org\/pt\/wp-json\/wp\/v2\/users\/3"}],"replies":[{"embeddable":true,"href":"https:\/\/interchapglobal.org\/pt\/wp-json\/wp\/v2\/comments?post=7077"}],"version-history":[{"count":2,"href":"https:\/\/interchapglobal.org\/pt\/wp-json\/wp\/v2\/pages\/7077\/revisions"}],"predecessor-version":[{"id":7088,"href":"https:\/\/interchapglobal.org\/pt\/wp-json\/wp\/v2\/pages\/7077\/revisions\/7088"}],"wp:attachment":[{"href":"https:\/\/interchapglobal.org\/pt\/wp-json\/wp\/v2\/media?parent=7077"}],"curies":[{"name":"wp","href":"https:\/\/api.w.org\/{rel}","templated":true}]}}