{"id":939,"date":"2018-09-09T22:43:45","date_gmt":"2018-09-10T01:43:45","guid":{"rendered":"https:\/\/interchapglobal.org\/pt\/?page_id=939"},"modified":"2024-02-08T17:10:26","modified_gmt":"2024-02-08T21:10:26","slug":"registro","status":"publish","type":"page","link":"https:\/\/interchapglobal.org\/pt\/registro\/","title":{"rendered":"Registro"},"content":{"rendered":"<p style=\"text-align: center;\"><strong><div id=\"wpmem_reg\"><a id=\"register\"><\/a><form name=\"form\" method=\"post\" action=\"https:\/\/interchapglobal.org\/pt\/registro\/\" id=\"wpmem_register_form\" class=\"form\"><input type=\"hidden\" id=\"_wpmem_register_nonce\" name=\"_wpmem_register_nonce\" value=\"fc2e8dc477\" \/><input type=\"hidden\" name=\"_wp_http_referer\" value=\"\/pt\/wp-json\/wp\/v2\/pages\/939\" \/><fieldset><legend>New User Registration<\/legend><label for=\"username\" class=\"text\">Choose a Username<span class=\"req\">*<\/span><\/label><div class=\"div_text\"><input name=\"username\" type=\"text\" id=\"username\" value=\"\" class=\"textbox\" required  \/><\/div><label for=\"first_name\" class=\"text\">First Name<span class=\"req\">*<\/span><\/label><div class=\"div_text\"><input name=\"first_name\" type=\"text\" id=\"first_name\" value=\"\" class=\"textbox\" required  \/><\/div><label for=\"last_name\" class=\"text\">Last Name<span class=\"req\">*<\/span><\/label><div class=\"div_text\"><input name=\"last_name\" type=\"text\" id=\"last_name\" value=\"\" class=\"textbox\" required  \/><\/div><label for=\"distintivo\" class=\"text\">Nr. Distintivo (se tiver)<\/label><div class=\"div_text\"><input name=\"distintivo\" type=\"text\" id=\"distintivo\" value=\"\" class=\"textbox\" \/><\/div><label for=\"billing_address_1\" class=\"text\">Address 1<span class=\"req\">*<\/span><\/label><div class=\"div_text\"><input name=\"billing_address_1\" type=\"text\" id=\"billing_address_1\" value=\"\" class=\"textbox\" required  \/><\/div><label for=\"billing_address_2\" class=\"text\">Address 2<\/label><div class=\"div_text\"><input name=\"billing_address_2\" type=\"text\" id=\"billing_address_2\" value=\"\" class=\"textbox\" \/><\/div><label for=\"billing_city\" class=\"text\">City<span class=\"req\">*<\/span><\/label><div class=\"div_text\"><input name=\"billing_city\" type=\"text\" id=\"billing_city\" value=\"\" class=\"textbox\" required  \/><\/div><label for=\"billing_state\" class=\"text\">State<span class=\"req\">*<\/span><\/label><div class=\"div_text\"><input name=\"billing_state\" type=\"text\" id=\"billing_state\" value=\"\" class=\"textbox\" required  \/><\/div><label for=\"billing_postcode\" class=\"text\">Zip<span class=\"req\">*<\/span><\/label><div class=\"div_text\"><input name=\"billing_postcode\" type=\"text\" id=\"billing_postcode\" value=\"\" class=\"textbox\" required  \/><\/div><label for=\"billing_country\" class=\"text\">Country<span class=\"req\">*<\/span><\/label><div class=\"div_text\"><input name=\"billing_country\" type=\"text\" id=\"billing_country\" value=\"\" class=\"textbox\" required  \/><\/div><label for=\"billing_phone\" class=\"text\">Fone<span class=\"req\">*<\/span><\/label><div class=\"div_text\"><input name=\"billing_phone\" type=\"text\" id=\"billing_phone\" value=\"\" class=\"textbox\" required  \/><\/div><label for=\"user_email\" class=\"text\">Email<span class=\"req\">*<\/span><\/label><div class=\"div_text\"><input name=\"user_email\" type=\"email\" id=\"user_email\" value=\"\" class=\"textbox\" required  \/><\/div><input name=\"a\" type=\"hidden\" value=\"register\" \/><input name=\"wpmem_reg_page\" type=\"hidden\" value=\"https:\/\/interchapglobal.org\/pt\/registro\/\" \/><div class=\"button_div\"><input name=\"submit\" type=\"submit\" value=\"Register\" class=\"buttons\" \/><\/div><div class=\"req-text\"><span class=\"req\">*<\/span>Required field<\/div><\/fieldset><\/form><\/div><\/strong><\/p>\n<p style=\"text-align: center;\"><strong>Se voc\u00ea ainda n\u00e3o fez sua inscri\u00e7\u00e3o <span style=\"color: #ff0000;\">GRATU\u00cdTA<\/span> para o Curso On-Line <\/strong><span style=\"color: #ff0000;\"><strong><span style=\"color: #ff0000;\"><a style=\"color: #ff0000;\" href=\"https:\/\/interchapglobal.org\/pt\/inscricao\/\">CLIQUE AQUI!<\/a><\/span><\/strong><\/span><\/p>\n","protected":false},"excerpt":{"rendered":"<p>Se voc\u00ea ainda n\u00e3o fez sua inscri\u00e7\u00e3o GRATU\u00cdTA para o Curso On-Line CLIQUE AQUI!<\/p>\n","protected":false},"author":3,"featured_media":0,"parent":0,"menu_order":0,"comment_status":"closed","ping_status":"closed","template":"","meta":{"jetpack_post_was_ever_published":false,"footnotes":""},"class_list":["post-939","page","type-page","status-publish","hentry"],"jetpack_sharing_enabled":true,"jetpack_shortlink":"https:\/\/wp.me\/PfvuOb-f9","_links":{"self":[{"href":"https:\/\/interchapglobal.org\/pt\/wp-json\/wp\/v2\/pages\/939","targetHints":{"allow":["GET"]}}],"collection":[{"href":"https:\/\/interchapglobal.org\/pt\/wp-json\/wp\/v2\/pages"}],"about":[{"href":"https:\/\/interchapglobal.org\/pt\/wp-json\/wp\/v2\/types\/page"}],"author":[{"embeddable":true,"href":"https:\/\/interchapglobal.org\/pt\/wp-json\/wp\/v2\/users\/3"}],"replies":[{"embeddable":true,"href":"https:\/\/interchapglobal.org\/pt\/wp-json\/wp\/v2\/comments?post=939"}],"version-history":[{"count":1,"href":"https:\/\/interchapglobal.org\/pt\/wp-json\/wp\/v2\/pages\/939\/revisions"}],"predecessor-version":[{"id":6661,"href":"https:\/\/interchapglobal.org\/pt\/wp-json\/wp\/v2\/pages\/939\/revisions\/6661"}],"wp:attachment":[{"href":"https:\/\/interchapglobal.org\/pt\/wp-json\/wp\/v2\/media?parent=939"}],"curies":[{"name":"wp","href":"https:\/\/api.w.org\/{rel}","templated":true}]}}